{"id":865,"date":"2025-02-20T23:51:06","date_gmt":"2025-02-21T04:51:06","guid":{"rendered":"https:\/\/carolinagonzalez.co\/?product=tradicion-escocesa"},"modified":"2026-01-19T00:11:08","modified_gmt":"2026-01-19T05:11:08","slug":"tradicion-escocesa","status":"publish","type":"product","link":"http:\/\/carolinagonzalez.co\/?product=tradicion-escocesa","title":{"rendered":"Breagh"},"content":{"rendered":"<p>Breagh (se pronuncia \u201cBr\u00eda\u201d, significa \u201chermosa\u201d en ga\u00e9lico escoc\u00e9s)<\/p>\n<p>Dise\u00f1o Escoses con personalidad. Su Nombre antiguo  honra la belleza interior, la que viene de ser t\u00fa misma con verdad.<\/p>\n<p>Es perfecto, su tela es resistente y simb\u00f3lica. Viste el cabello con car\u00e1cter y dulzura.<\/p>\n<p>Recuerda: \u201cLa belleza no es una forma, es una ra\u00edz, s\u00e9 fiel a la tuya\u00bb.<\/p>\n","protected":false},"excerpt":{"rendered":"<p>Breagh (se pronuncia \u201cBr\u00eda\u201d, significa \u201chermosa\u201d en ga\u00e9lico escoc\u00e9s) Dise\u00f1o Escoses con personalidad. Su Nombre antiguo honra la belleza interior, la que viene de ser t\u00fa misma con verdad. Es perfecto, su tela es resistente y simb\u00f3lica. Viste el cabello con car\u00e1cter y dulzura. Recuerda: \u201cLa belleza no es una forma, es una ra\u00edz, s\u00e9 fiel a la tuya\u00bb.<\/p>\n","protected":false},"featured_media":854,"comment_status":"open","ping_status":"closed","template":"","meta":[],"product_brand":[],"product_cat":[28,15],"product_tag":[54,41,57,42,49,37],"class_list":{"0":"post-865","1":"product","2":"type-product","3":"status-publish","4":"has-post-thumbnail","6":"product_cat-monos","7":"product_cat-sin-categorizar","8":"product_tag-cuadros","9":"product_tag-escoces","10":"product_tag-mate","11":"product_tag-navidad","12":"product_tag-rigida","13":"product_tag-rojo","15":"first","16":"instock","17":"shipping-taxable","18":"purchasable","19":"product-type-simple"},"_links":{"self":[{"href":"http:\/\/carolinagonzalez.co\/index.php?rest_route=\/wp\/v2\/product\/865","targetHints":{"allow":["GET"]}}],"collection":[{"href":"http:\/\/carolinagonzalez.co\/index.php?rest_route=\/wp\/v2\/product"}],"about":[{"href":"http:\/\/carolinagonzalez.co\/index.php?rest_route=\/wp\/v2\/types\/product"}],"replies":[{"embeddable":true,"href":"http:\/\/carolinagonzalez.co\/index.php?rest_route=%2Fwp%2Fv2%2Fcomments&post=865"}],"wp:featuredmedia":[{"embeddable":true,"href":"http:\/\/carolinagonzalez.co\/index.php?rest_route=\/wp\/v2\/media\/854"}],"wp:attachment":[{"href":"http:\/\/carolinagonzalez.co\/index.php?rest_route=%2Fwp%2Fv2%2Fmedia&parent=865"}],"wp:term":[{"taxonomy":"product_brand","embeddable":true,"href":"http:\/\/carolinagonzalez.co\/index.php?rest_route=%2Fwp%2Fv2%2Fproduct_brand&post=865"},{"taxonomy":"product_cat","embeddable":true,"href":"http:\/\/carolinagonzalez.co\/index.php?rest_route=%2Fwp%2Fv2%2Fproduct_cat&post=865"},{"taxonomy":"product_tag","embeddable":true,"href":"http:\/\/carolinagonzalez.co\/index.php?rest_route=%2Fwp%2Fv2%2Fproduct_tag&post=865"}],"curies":[{"name":"wp","href":"https:\/\/api.w.org\/{rel}","templated":true}]}}