{"id":768,"date":"2025-02-20T16:21:42","date_gmt":"2025-02-20T21:21:42","guid":{"rendered":"https:\/\/carolinagonzalez.co\/?product=producto-8"},"modified":"2025-06-17T13:30:05","modified_gmt":"2025-06-17T18:30:05","slug":"producto-8","status":"publish","type":"product","link":"http:\/\/carolinagonzalez.co\/?product=producto-8","title":{"rendered":"Islaen"},"content":{"rendered":"<p>Islaen (inspirado en \u201cisla\u201d e \u201cEilean\u201d, que significa isla en ga\u00e9lico)<\/p>\n<p>Su significado representa aislamiento sagrado, reflexi\u00f3n y belleza natural. Una mujer que se basta a s\u00ed misma, que encuentra fuerza en su interior. Su textura  y estampado invitan a un look \u00fanico, cl\u00e1sico y seguro.<\/p>\n<p>LLeva este mensaje contigo: \u201cNo est\u00e1s sola, est\u00e1s contigo. Y eso tambi\u00e9n es plenitud.\u201d<\/p>\n","protected":false},"excerpt":{"rendered":"<p>Islaen (inspirado en \u201cisla\u201d e \u201cEilean\u201d, que significa isla en ga\u00e9lico) Su significado representa aislamiento sagrado, reflexi\u00f3n y belleza natural. Una mujer que se basta a s\u00ed misma, que encuentra fuerza en su interior. Su textura y estampado invitan a un look \u00fanico, cl\u00e1sico y seguro. LLeva este mensaje contigo: \u201cNo est\u00e1s sola, est\u00e1s contigo. Y eso tambi\u00e9n es plenitud.\u201d<\/p>\n","protected":false},"featured_media":755,"comment_status":"open","ping_status":"closed","template":"","meta":[],"product_brand":[],"product_cat":[28,15],"product_tag":[47,54,41,57,42,37,31],"class_list":{"0":"post-768","1":"product","2":"type-product","3":"status-publish","4":"has-post-thumbnail","6":"product_cat-monos","7":"product_cat-sin-categorizar","8":"product_tag-azul-oscuro","9":"product_tag-cuadros","10":"product_tag-escoces","11":"product_tag-mate","12":"product_tag-navidad","13":"product_tag-rojo","14":"product_tag-verde","16":"first","17":"instock","18":"shipping-taxable","19":"purchasable","20":"product-type-simple"},"_links":{"self":[{"href":"http:\/\/carolinagonzalez.co\/index.php?rest_route=\/wp\/v2\/product\/768","targetHints":{"allow":["GET"]}}],"collection":[{"href":"http:\/\/carolinagonzalez.co\/index.php?rest_route=\/wp\/v2\/product"}],"about":[{"href":"http:\/\/carolinagonzalez.co\/index.php?rest_route=\/wp\/v2\/types\/product"}],"replies":[{"embeddable":true,"href":"http:\/\/carolinagonzalez.co\/index.php?rest_route=%2Fwp%2Fv2%2Fcomments&post=768"}],"wp:featuredmedia":[{"embeddable":true,"href":"http:\/\/carolinagonzalez.co\/index.php?rest_route=\/wp\/v2\/media\/755"}],"wp:attachment":[{"href":"http:\/\/carolinagonzalez.co\/index.php?rest_route=%2Fwp%2Fv2%2Fmedia&parent=768"}],"wp:term":[{"taxonomy":"product_brand","embeddable":true,"href":"http:\/\/carolinagonzalez.co\/index.php?rest_route=%2Fwp%2Fv2%2Fproduct_brand&post=768"},{"taxonomy":"product_cat","embeddable":true,"href":"http:\/\/carolinagonzalez.co\/index.php?rest_route=%2Fwp%2Fv2%2Fproduct_cat&post=768"},{"taxonomy":"product_tag","embeddable":true,"href":"http:\/\/carolinagonzalez.co\/index.php?rest_route=%2Fwp%2Fv2%2Fproduct_tag&post=768"}],"curies":[{"name":"wp","href":"https:\/\/api.w.org\/{rel}","templated":true}]}}