{"id":754,"date":"2025-02-20T16:00:06","date_gmt":"2025-02-20T21:00:06","guid":{"rendered":"https:\/\/carolinagonzalez.co\/?product=escocia"},"modified":"2025-06-17T12:22:37","modified_gmt":"2025-06-17T17:22:37","slug":"escocia","status":"publish","type":"product","link":"http:\/\/carolinagonzalez.co\/?product=escocia","title":{"rendered":"Llama de Tart\u00e1n"},"content":{"rendered":"<p>Deja que tu estilo hable con acento escoc\u00e9s. El Mo\u00f1o Llama de Tartan est\u00e1 inspirado en los paisajes m\u00edsticos y la rica herencia de Escocia.<\/p>\n<p>Elegante, distintivo y con car\u00e1cter, es el accesorio ideal para a\u00f1adir un toque de tradici\u00f3n a tu look moderno.<\/p>\n<p>\u00abTienes historia en la sangre y fuerza en el alma, honra ambas cosas al vestirte\u00bb<\/p>\n","protected":false},"excerpt":{"rendered":"<p>Deja que tu estilo hable con acento escoc\u00e9s. El Mo\u00f1o Llama de Tartan est\u00e1 inspirado en los paisajes m\u00edsticos y la rica herencia de Escocia. Elegante, distintivo y con car\u00e1cter, es el accesorio ideal para a\u00f1adir un toque de tradici\u00f3n a tu look moderno. \u00abTienes historia en la sangre y fuerza en el alma, honra ambas cosas al vestirte\u00bb<\/p>\n","protected":false},"featured_media":748,"comment_status":"open","ping_status":"closed","template":"","meta":[],"product_brand":[],"product_cat":[17,28],"product_tag":[41,42,37],"class_list":{"0":"post-754","1":"product","2":"type-product","3":"status-publish","4":"has-post-thumbnail","6":"product_cat-accesorios-cabello","7":"product_cat-monos","8":"product_tag-escoces","9":"product_tag-navidad","10":"product_tag-rojo","12":"first","13":"instock","14":"shipping-taxable","15":"purchasable","16":"product-type-simple"},"_links":{"self":[{"href":"http:\/\/carolinagonzalez.co\/index.php?rest_route=\/wp\/v2\/product\/754","targetHints":{"allow":["GET"]}}],"collection":[{"href":"http:\/\/carolinagonzalez.co\/index.php?rest_route=\/wp\/v2\/product"}],"about":[{"href":"http:\/\/carolinagonzalez.co\/index.php?rest_route=\/wp\/v2\/types\/product"}],"replies":[{"embeddable":true,"href":"http:\/\/carolinagonzalez.co\/index.php?rest_route=%2Fwp%2Fv2%2Fcomments&post=754"}],"wp:featuredmedia":[{"embeddable":true,"href":"http:\/\/carolinagonzalez.co\/index.php?rest_route=\/wp\/v2\/media\/748"}],"wp:attachment":[{"href":"http:\/\/carolinagonzalez.co\/index.php?rest_route=%2Fwp%2Fv2%2Fmedia&parent=754"}],"wp:term":[{"taxonomy":"product_brand","embeddable":true,"href":"http:\/\/carolinagonzalez.co\/index.php?rest_route=%2Fwp%2Fv2%2Fproduct_brand&post=754"},{"taxonomy":"product_cat","embeddable":true,"href":"http:\/\/carolinagonzalez.co\/index.php?rest_route=%2Fwp%2Fv2%2Fproduct_cat&post=754"},{"taxonomy":"product_tag","embeddable":true,"href":"http:\/\/carolinagonzalez.co\/index.php?rest_route=%2Fwp%2Fv2%2Fproduct_tag&post=754"}],"curies":[{"name":"wp","href":"https:\/\/api.w.org\/{rel}","templated":true}]}}