{"id":680,"date":"2025-02-19T17:53:55","date_gmt":"2025-02-19T22:53:55","guid":{"rendered":"https:\/\/carolinagonzalez.co\/?product=mono-mediano-aria-2"},"modified":"2025-06-17T13:29:20","modified_gmt":"2025-06-17T18:29:20","slug":"mono-mediano-aria-2","status":"publish","type":"product","link":"http:\/\/carolinagonzalez.co\/?product=mono-mediano-aria-2","title":{"rendered":"Anil"},"content":{"rendered":"<p>Es un tono ancestral del azul, usado en tintes naturales desde hace siglos. Representa la conexi\u00f3n con lo profundo, con la sabidur\u00eda que pasa de generaci\u00f3n en generaci\u00f3n. Es el azul del alma que ha vivido y aprendido a sostenerse.<\/p>\n<p>Su textura en pana lo hace visualmente \u00fanico y c\u00e1lido al tacto. Ideal para recogidos elegantes.<\/p>\n<p>Y nunca olvides que dentro de ti hay historias que te sostienen. Ll\u00e9valas con orgullo y belleza.<\/p>\n","protected":false},"excerpt":{"rendered":"<p>Es un tono ancestral del azul, usado en tintes naturales desde hace siglos. Representa la conexi\u00f3n con lo profundo, con la sabidur\u00eda que pasa de generaci\u00f3n en generaci\u00f3n. Es el azul del alma que ha vivido y aprendido a sostenerse. Su textura en pana lo hace visualmente \u00fanico y c\u00e1lido al tacto. Ideal para recogidos elegantes. Y nunca olvides que dentro de ti hay historias que te sostienen. Ll\u00e9valas con orgullo y belleza.<\/p>\n","protected":false},"featured_media":693,"comment_status":"open","ping_status":"closed","template":"","meta":[],"product_brand":[],"product_cat":[17,28,15],"product_tag":[47,46,49],"class_list":{"0":"post-680","1":"product","2":"type-product","3":"status-publish","4":"has-post-thumbnail","6":"product_cat-accesorios-cabello","7":"product_cat-monos","8":"product_cat-sin-categorizar","9":"product_tag-azul-oscuro","10":"product_tag-pana","11":"product_tag-rigida","13":"first","14":"instock","15":"shipping-taxable","16":"purchasable","17":"product-type-simple"},"_links":{"self":[{"href":"http:\/\/carolinagonzalez.co\/index.php?rest_route=\/wp\/v2\/product\/680","targetHints":{"allow":["GET"]}}],"collection":[{"href":"http:\/\/carolinagonzalez.co\/index.php?rest_route=\/wp\/v2\/product"}],"about":[{"href":"http:\/\/carolinagonzalez.co\/index.php?rest_route=\/wp\/v2\/types\/product"}],"replies":[{"embeddable":true,"href":"http:\/\/carolinagonzalez.co\/index.php?rest_route=%2Fwp%2Fv2%2Fcomments&post=680"}],"wp:featuredmedia":[{"embeddable":true,"href":"http:\/\/carolinagonzalez.co\/index.php?rest_route=\/wp\/v2\/media\/693"}],"wp:attachment":[{"href":"http:\/\/carolinagonzalez.co\/index.php?rest_route=%2Fwp%2Fv2%2Fmedia&parent=680"}],"wp:term":[{"taxonomy":"product_brand","embeddable":true,"href":"http:\/\/carolinagonzalez.co\/index.php?rest_route=%2Fwp%2Fv2%2Fproduct_brand&post=680"},{"taxonomy":"product_cat","embeddable":true,"href":"http:\/\/carolinagonzalez.co\/index.php?rest_route=%2Fwp%2Fv2%2Fproduct_cat&post=680"},{"taxonomy":"product_tag","embeddable":true,"href":"http:\/\/carolinagonzalez.co\/index.php?rest_route=%2Fwp%2Fv2%2Fproduct_tag&post=680"}],"curies":[{"name":"wp","href":"https:\/\/api.w.org\/{rel}","templated":true}]}}