{"id":597,"date":"2025-02-17T19:31:54","date_gmt":"2025-02-18T00:31:54","guid":{"rendered":"https:\/\/carolinagonzalez.co\/?product=producto-5"},"modified":"2025-06-17T11:36:21","modified_gmt":"2025-06-17T16:36:21","slug":"producto-5","status":"publish","type":"product","link":"http:\/\/carolinagonzalez.co\/?product=producto-5","title":{"rendered":"Gingham"},"content":{"rendered":"<p>\u00a1Desbloquea tu estilo con la scrunchie \u00abGingham\u00bb! Este accesorio es una mezcla perfecta de tradici\u00f3n y modernidad, con un patr\u00f3n de cuadros azules y blancos que te har\u00e1 sentir fresca y elegante. La \u00abGingham\u00bb es m\u00e1s que una scrunchie, es una declaraci\u00f3n de estilo que te har\u00e1 destacar en cualquier ocasi\u00f3n.<\/p>\n<p>Detalles que te vana encantar:<\/p>\n","protected":false},"excerpt":{"rendered":"<p>\u00a1Desbloquea tu estilo con la scrunchie \u00abGingham\u00bb! Este accesorio es una mezcla perfecta de tradici\u00f3n y modernidad, con un patr\u00f3n de cuadros azules y blancos que te har\u00e1 sentir fresca y elegante. La \u00abGingham\u00bb es m\u00e1s que una scrunchie, es una declaraci\u00f3n de estilo que te har\u00e1 destacar en cualquier ocasi\u00f3n. Detalles que te vana encantar:<\/p>\n","protected":false},"featured_media":593,"comment_status":"open","ping_status":"closed","template":"","meta":[],"product_brand":[],"product_cat":[17,20,18,15],"product_tag":[38,45,54,41,52,44,40],"class_list":{"0":"post-597","1":"product","2":"type-product","3":"status-publish","4":"has-post-thumbnail","6":"product_cat-accesorios-cabello","7":"product_cat-scrunchies-medianas","8":"product_cat-scrunchies","9":"product_cat-sin-categorizar","10":"product_tag-azul","11":"product_tag-brillante","12":"product_tag-cuadros","13":"product_tag-escoces","14":"product_tag-estampada","15":"product_tag-satin","16":"product_tag-seda","18":"first","19":"instock","20":"shipping-taxable","21":"purchasable","22":"product-type-simple"},"_links":{"self":[{"href":"http:\/\/carolinagonzalez.co\/index.php?rest_route=\/wp\/v2\/product\/597","targetHints":{"allow":["GET"]}}],"collection":[{"href":"http:\/\/carolinagonzalez.co\/index.php?rest_route=\/wp\/v2\/product"}],"about":[{"href":"http:\/\/carolinagonzalez.co\/index.php?rest_route=\/wp\/v2\/types\/product"}],"replies":[{"embeddable":true,"href":"http:\/\/carolinagonzalez.co\/index.php?rest_route=%2Fwp%2Fv2%2Fcomments&post=597"}],"wp:featuredmedia":[{"embeddable":true,"href":"http:\/\/carolinagonzalez.co\/index.php?rest_route=\/wp\/v2\/media\/593"}],"wp:attachment":[{"href":"http:\/\/carolinagonzalez.co\/index.php?rest_route=%2Fwp%2Fv2%2Fmedia&parent=597"}],"wp:term":[{"taxonomy":"product_brand","embeddable":true,"href":"http:\/\/carolinagonzalez.co\/index.php?rest_route=%2Fwp%2Fv2%2Fproduct_brand&post=597"},{"taxonomy":"product_cat","embeddable":true,"href":"http:\/\/carolinagonzalez.co\/index.php?rest_route=%2Fwp%2Fv2%2Fproduct_cat&post=597"},{"taxonomy":"product_tag","embeddable":true,"href":"http:\/\/carolinagonzalez.co\/index.php?rest_route=%2Fwp%2Fv2%2Fproduct_tag&post=597"}],"curies":[{"name":"wp","href":"https:\/\/api.w.org\/{rel}","templated":true}]}}