{"id":487,"date":"2025-02-17T17:16:52","date_gmt":"2025-02-17T22:16:52","guid":{"rendered":"https:\/\/carolinagonzalez.co\/?product=producto"},"modified":"2025-06-17T11:33:31","modified_gmt":"2025-06-17T16:33:31","slug":"producto","status":"publish","type":"product","link":"http:\/\/carolinagonzalez.co\/?product=producto","title":{"rendered":"Fiesta de colores"},"content":{"rendered":"<p>Esta scrunchie es un accesorio vibrante y divertido. Este dise\u00f1o es perfecto para aquellas que buscan un accesorio que les ayude a expresar su personalidad y agregar un toque de diversi\u00f3n a su look.<\/p>\n<p>Los colores vivos y brillantes de esta scrunchie representan la energ\u00eda, la creatividad y la alegr\u00eda. El fucsia simboliza la pasi\u00f3n y la energ\u00eda, el amarillo representa la felicidad y el optimismo, el azul representa la tranquilidad y la confianza. Juntos, estos colores crean un dise\u00f1o que es tanto divertido como inspirador.<\/p>\n<p>Fiesta de Colores el accesorio que te ayudar\u00e1 a sentirte m\u00e1s energizada y divertida. Es un recordatorio constante de la importancia de la creatividad y la alegr\u00eda en nuestra vida.<\/p>\n","protected":false},"excerpt":{"rendered":"<p>Esta scrunchie es un accesorio vibrante y divertido. Este dise\u00f1o es perfecto para aquellas que buscan un accesorio que les ayude a expresar su personalidad y agregar un toque de diversi\u00f3n a su look. Los colores vivos y brillantes de esta scrunchie representan la energ\u00eda, la creatividad y la alegr\u00eda. El fucsia simboliza la pasi\u00f3n y la energ\u00eda, el amarillo representa la felicidad y el optimismo, el azul representa la tranquilidad y la confianza. Juntos, estos colores crean un dise\u00f1o que es tanto divertido como inspirador. Fiesta de Colores el accesorio que te ayudar\u00e1 a sentirte m\u00e1s energizada y divertida. Es un recordatorio constante de la importancia de la creatividad y la alegr\u00eda en nuestra vida.<\/p>\n","protected":false},"featured_media":480,"comment_status":"open","ping_status":"closed","template":"","meta":[],"product_brand":[],"product_cat":[17,20,18,15],"product_tag":[50,45,51,52,44,40],"class_list":{"0":"post-487","1":"product","2":"type-product","3":"status-publish","4":"has-post-thumbnail","6":"product_cat-accesorios-cabello","7":"product_cat-scrunchies-medianas","8":"product_cat-scrunchies","9":"product_cat-sin-categorizar","10":"product_tag-bambas","11":"product_tag-brillante","12":"product_tag-colores","13":"product_tag-estampada","14":"product_tag-satin","15":"product_tag-seda","17":"first","18":"instock","19":"shipping-taxable","20":"purchasable","21":"product-type-simple"},"_links":{"self":[{"href":"http:\/\/carolinagonzalez.co\/index.php?rest_route=\/wp\/v2\/product\/487","targetHints":{"allow":["GET"]}}],"collection":[{"href":"http:\/\/carolinagonzalez.co\/index.php?rest_route=\/wp\/v2\/product"}],"about":[{"href":"http:\/\/carolinagonzalez.co\/index.php?rest_route=\/wp\/v2\/types\/product"}],"replies":[{"embeddable":true,"href":"http:\/\/carolinagonzalez.co\/index.php?rest_route=%2Fwp%2Fv2%2Fcomments&post=487"}],"wp:featuredmedia":[{"embeddable":true,"href":"http:\/\/carolinagonzalez.co\/index.php?rest_route=\/wp\/v2\/media\/480"}],"wp:attachment":[{"href":"http:\/\/carolinagonzalez.co\/index.php?rest_route=%2Fwp%2Fv2%2Fmedia&parent=487"}],"wp:term":[{"taxonomy":"product_brand","embeddable":true,"href":"http:\/\/carolinagonzalez.co\/index.php?rest_route=%2Fwp%2Fv2%2Fproduct_brand&post=487"},{"taxonomy":"product_cat","embeddable":true,"href":"http:\/\/carolinagonzalez.co\/index.php?rest_route=%2Fwp%2Fv2%2Fproduct_cat&post=487"},{"taxonomy":"product_tag","embeddable":true,"href":"http:\/\/carolinagonzalez.co\/index.php?rest_route=%2Fwp%2Fv2%2Fproduct_tag&post=487"}],"curies":[{"name":"wp","href":"https:\/\/api.w.org\/{rel}","templated":true}]}}