{"id":227,"date":"2025-02-10T19:07:06","date_gmt":"2025-02-11T00:07:06","guid":{"rendered":"https:\/\/carolinagonzalez.co\/?product=sueno-de-fucsia"},"modified":"2025-06-17T13:32:21","modified_gmt":"2025-06-17T18:32:21","slug":"sueno-de-fucsia","status":"publish","type":"product","link":"http:\/\/carolinagonzalez.co\/?product=sueno-de-fucsia","title":{"rendered":"Sue\u00f1o de fucsia"},"content":{"rendered":"<p>El color fucsia es a menudo asociado con la pasi\u00f3n y el amor. En este sentido, sue\u00f1o de fucsia representa la intuici\u00f3n y la conexi\u00f3n con uno mismo.<\/p>\n<p>\u00abSue\u00f1o de fucsia\u00bb: Un llamado a las mujeres para que se atrevan a so\u00f1ar en grande y amarse a si mismas sin condiciones.<\/p>\n<p>Este hermoso mo\u00f1o en tono fucsia es un recordatorio de que eres valiosa, merecedora de amor y respeto y que tu belleza es \u00fanica y especial.<\/p>\n<p>\u00a1Desbloquea tu belleza interior!<\/p>\n","protected":false},"excerpt":{"rendered":"<p>El color fucsia es a menudo asociado con la pasi\u00f3n y el amor. En este sentido, sue\u00f1o de fucsia representa la intuici\u00f3n y la conexi\u00f3n con uno mismo. \u00abSue\u00f1o de fucsia\u00bb: Un llamado a las mujeres para que se atrevan a so\u00f1ar en grande y amarse a si mismas sin condiciones. Este hermoso mo\u00f1o en tono fucsia es un recordatorio de que eres valiosa, merecedora de amor y respeto y que tu belleza es \u00fanica y especial. \u00a1Desbloquea tu belleza interior!<\/p>\n","protected":false},"featured_media":636,"comment_status":"open","ping_status":"closed","template":"","meta":[],"product_brand":[],"product_cat":[17,28],"product_tag":[58,61,34,57,49],"class_list":{"0":"post-227","1":"product","2":"type-product","3":"status-publish","4":"has-post-thumbnail","6":"product_cat-accesorios-cabello","7":"product_cat-monos","8":"product_tag-corbatin","9":"product_tag-drill","10":"product_tag-fucsia","11":"product_tag-mate","12":"product_tag-rigida","14":"first","15":"instock","16":"shipping-taxable","17":"purchasable","18":"product-type-simple"},"_links":{"self":[{"href":"http:\/\/carolinagonzalez.co\/index.php?rest_route=\/wp\/v2\/product\/227","targetHints":{"allow":["GET"]}}],"collection":[{"href":"http:\/\/carolinagonzalez.co\/index.php?rest_route=\/wp\/v2\/product"}],"about":[{"href":"http:\/\/carolinagonzalez.co\/index.php?rest_route=\/wp\/v2\/types\/product"}],"replies":[{"embeddable":true,"href":"http:\/\/carolinagonzalez.co\/index.php?rest_route=%2Fwp%2Fv2%2Fcomments&post=227"}],"wp:featuredmedia":[{"embeddable":true,"href":"http:\/\/carolinagonzalez.co\/index.php?rest_route=\/wp\/v2\/media\/636"}],"wp:attachment":[{"href":"http:\/\/carolinagonzalez.co\/index.php?rest_route=%2Fwp%2Fv2%2Fmedia&parent=227"}],"wp:term":[{"taxonomy":"product_brand","embeddable":true,"href":"http:\/\/carolinagonzalez.co\/index.php?rest_route=%2Fwp%2Fv2%2Fproduct_brand&post=227"},{"taxonomy":"product_cat","embeddable":true,"href":"http:\/\/carolinagonzalez.co\/index.php?rest_route=%2Fwp%2Fv2%2Fproduct_cat&post=227"},{"taxonomy":"product_tag","embeddable":true,"href":"http:\/\/carolinagonzalez.co\/index.php?rest_route=%2Fwp%2Fv2%2Fproduct_tag&post=227"}],"curies":[{"name":"wp","href":"https:\/\/api.w.org\/{rel}","templated":true}]}}