{"id":181,"date":"2025-02-07T16:06:49","date_gmt":"2025-02-07T21:06:49","guid":{"rendered":"https:\/\/carolinagonzalez.co\/?product=incondicional"},"modified":"2025-06-17T11:38:38","modified_gmt":"2025-06-17T16:38:38","slug":"incondicional","status":"publish","type":"product","link":"http:\/\/carolinagonzalez.co\/?product=incondicional","title":{"rendered":"Incondicional"},"content":{"rendered":"<p>Una scrunchie que te hace sentir como la reina que eres. Con un dise\u00f1o elegante y sofisticado, este accesorio para el cabello te har\u00e1 sentir segura y empoderada.<\/p>\n<p>&#8216;Soy la mejor mam\u00e1 del mundo&#8217; te recordar\u00e1 diariamente que eres capaz y amorosa.\u00bb Te recuerda que eres una mam\u00e1 incre\u00edble<\/p>\n<p>Mensaje estampado en la scrunchie: \u00abSoy la mejor mam\u00e1 del mundo\u00bb.<\/p>\n","protected":false},"excerpt":{"rendered":"<p>Una scrunchie que te hace sentir como la reina que eres. Con un dise\u00f1o elegante y sofisticado, este accesorio para el cabello te har\u00e1 sentir segura y empoderada. &#8216;Soy la mejor mam\u00e1 del mundo&#8217; te recordar\u00e1 diariamente que eres capaz y amorosa.\u00bb Te recuerda que eres una mam\u00e1 incre\u00edble Mensaje estampado en la scrunchie: \u00abSoy la mejor mam\u00e1 del mundo\u00bb.<\/p>\n","protected":false},"featured_media":177,"comment_status":"open","ping_status":"closed","template":"","meta":[],"product_brand":[],"product_cat":[17,20,18],"product_tag":[52,35,34,56,44,40,33],"class_list":{"0":"post-181","1":"product","2":"type-product","3":"status-publish","4":"has-post-thumbnail","6":"product_cat-accesorios-cabello","7":"product_cat-scrunchies-medianas","8":"product_cat-scrunchies","9":"product_tag-estampada","10":"product_tag-frases","11":"product_tag-fucsia","12":"product_tag-mama","13":"product_tag-satin","14":"product_tag-seda","15":"product_tag-tropical","17":"first","18":"instock","19":"shipping-taxable","20":"purchasable","21":"product-type-simple"},"_links":{"self":[{"href":"http:\/\/carolinagonzalez.co\/index.php?rest_route=\/wp\/v2\/product\/181","targetHints":{"allow":["GET"]}}],"collection":[{"href":"http:\/\/carolinagonzalez.co\/index.php?rest_route=\/wp\/v2\/product"}],"about":[{"href":"http:\/\/carolinagonzalez.co\/index.php?rest_route=\/wp\/v2\/types\/product"}],"replies":[{"embeddable":true,"href":"http:\/\/carolinagonzalez.co\/index.php?rest_route=%2Fwp%2Fv2%2Fcomments&post=181"}],"wp:featuredmedia":[{"embeddable":true,"href":"http:\/\/carolinagonzalez.co\/index.php?rest_route=\/wp\/v2\/media\/177"}],"wp:attachment":[{"href":"http:\/\/carolinagonzalez.co\/index.php?rest_route=%2Fwp%2Fv2%2Fmedia&parent=181"}],"wp:term":[{"taxonomy":"product_brand","embeddable":true,"href":"http:\/\/carolinagonzalez.co\/index.php?rest_route=%2Fwp%2Fv2%2Fproduct_brand&post=181"},{"taxonomy":"product_cat","embeddable":true,"href":"http:\/\/carolinagonzalez.co\/index.php?rest_route=%2Fwp%2Fv2%2Fproduct_cat&post=181"},{"taxonomy":"product_tag","embeddable":true,"href":"http:\/\/carolinagonzalez.co\/index.php?rest_route=%2Fwp%2Fv2%2Fproduct_tag&post=181"}],"curies":[{"name":"wp","href":"https:\/\/api.w.org\/{rel}","templated":true}]}}