{"id":2542,"date":"2025-12-04T12:11:13","date_gmt":"2025-12-04T17:11:13","guid":{"rendered":"https:\/\/carolinagonzalez.co\/?page_id=2542"},"modified":"2025-12-04T12:46:10","modified_gmt":"2025-12-04T17:46:10","slug":"lanzamiento-tienda-02","status":"publish","type":"page","link":"http:\/\/carolinagonzalez.co\/","title":{"rendered":"Lanzamiento Tienda &#8211; 02"},"content":{"rendered":"\t\t<div data-elementor-type=\"wp-page\" data-elementor-id=\"2542\" class=\"elementor elementor-2542\" data-elementor-post-type=\"page\">\n\t\t\t\t<div class=\"elementor-element elementor-element-77fddb0 e-con-full elementor-hidden-desktop e-flex wpr-particle-no wpr-jarallax-no wpr-parallax-no wpr-sticky-section-no e-con e-parent\" data-id=\"77fddb0\" data-element_type=\"container\" data-e-type=\"container\" data-settings=\"{&quot;background_background&quot;:&quot;classic&quot;}\">\n\t\t\t\t<div class=\"elementor-element elementor-element-d7eea43 elementor-widget elementor-widget-image\" data-id=\"d7eea43\" data-element_type=\"widget\" data-e-type=\"widget\" data-widget_type=\"image.default\">\n\t\t\t\t\t\t\t\t\t\t\t\t\t\t\t<img fetchpriority=\"high\" decoding=\"async\" width=\"1081\" height=\"1921\" src=\"http:\/\/carolinagonzalez.co\/wp-content\/uploads\/2025\/12\/CONSTRUYENDO-A01.jpg\" class=\"attachment-full size-full wp-image-2555\" alt=\"\" srcset=\"http:\/\/carolinagonzalez.co\/wp-content\/uploads\/2025\/12\/CONSTRUYENDO-A01.jpg 1081w, http:\/\/carolinagonzalez.co\/wp-content\/uploads\/2025\/12\/CONSTRUYENDO-A01-169x300.jpg 169w, http:\/\/carolinagonzalez.co\/wp-content\/uploads\/2025\/12\/CONSTRUYENDO-A01-576x1024.jpg 576w, http:\/\/carolinagonzalez.co\/wp-content\/uploads\/2025\/12\/CONSTRUYENDO-A01-768x1365.jpg 768w, http:\/\/carolinagonzalez.co\/wp-content\/uploads\/2025\/12\/CONSTRUYENDO-A01-864x1536.jpg 864w, http:\/\/carolinagonzalez.co\/wp-content\/uploads\/2025\/12\/CONSTRUYENDO-A01-1000x1777.jpg 1000w\" sizes=\"(max-width: 1081px) 100vw, 1081px\" \/>\t\t\t\t\t\t\t\t\t\t\t\t\t\t\t<\/div>\n\t\t<div class=\"elementor-element elementor-element-3102688 e-flex e-con-boxed wpr-particle-no wpr-jarallax-no wpr-parallax-no wpr-sticky-section-no e-con e-child\" data-id=\"3102688\" data-element_type=\"container\" data-e-type=\"container\">\n\t\t\t\t\t<div class=\"e-con-inner\">\n\t\t\t\t<div class=\"elementor-element elementor-element-0e4caae elementor-widget elementor-widget-heading\" data-id=\"0e4caae\" data-element_type=\"widget\" data-e-type=\"widget\" data-widget_type=\"heading.default\">\n\t\t\t\t\t<h2 class=\"elementor-heading-title elementor-size-default\">ABRIMOS NUESTRA<\/h2>\t\t\t\t<\/div>\n\t\t\t\t<div class=\"elementor-element elementor-element-dba6efc elementor-widget elementor-widget-heading\" data-id=\"dba6efc\" data-element_type=\"widget\" data-e-type=\"widget\" data-widget_type=\"heading.default\">\n\t\t\t\t\t<h2 class=\"elementor-heading-title elementor-size-default\">TIENDA F\u00cdSICA<\/h2>\t\t\t\t<\/div>\n\t\t\t\t<div class=\"elementor-element elementor-element-35f10e1 elementor-widget elementor-widget-heading\" data-id=\"35f10e1\" data-element_type=\"widget\" data-e-type=\"widget\" data-widget_type=\"heading.default\">\n\t\t\t\t\t<h2 class=\"elementor-heading-title elementor-size-default\">CALLE 13 N\u00b0 17-44 <\/h2>\t\t\t\t<\/div>\n\t\t\t\t<div class=\"elementor-element elementor-element-6c46a67 elementor-widget elementor-widget-heading\" data-id=\"6c46a67\" data-element_type=\"widget\" data-e-type=\"widget\" data-widget_type=\"heading.default\">\n\t\t\t\t\t<h2 class=\"elementor-heading-title elementor-size-default\">LA PRIMERA TIENDA CON<\/h2>\t\t\t\t<\/div>\n\t\t\t\t<div class=\"elementor-element elementor-element-f471e9a elementor-widget elementor-widget-heading\" data-id=\"f471e9a\" data-element_type=\"widget\" data-e-type=\"widget\" data-widget_type=\"heading.default\">\n\t\t\t\t\t<h2 class=\"elementor-heading-title elementor-size-default\">TALLER DE CONFECCI\u00d3N EN VIVO<\/h2>\t\t\t\t<\/div>\n\t\t\t\t<div class=\"elementor-element elementor-element-1090c38 elementor-widget elementor-widget-heading\" data-id=\"1090c38\" data-element_type=\"widget\" data-e-type=\"widget\" data-widget_type=\"heading.default\">\n\t\t\t\t\t<h2 class=\"elementor-heading-title elementor-size-default\">DE BOYAC\u00c1 PARA EL MUNDO <\/h2>\t\t\t\t<\/div>\n\t\t\t\t<div class=\"elementor-element elementor-element-ac1cb8c elementor-widget elementor-widget-heading\" data-id=\"ac1cb8c\" data-element_type=\"widget\" data-e-type=\"widget\" data-widget_type=\"heading.default\">\n\t\t\t\t\t<h2 class=\"elementor-heading-title elementor-size-default\">Un lugar pensado para mujeres c\u00f3mo t\u00fa<\/h2>\t\t\t\t<\/div>\n\t\t\t\t\t<\/div>\n\t\t\t\t<\/div>\n\t\t\t\t<\/div>\n\t\t<div class=\"elementor-element elementor-element-a3dd48d e-con-full elementor-hidden-mobile e-flex wpr-particle-no wpr-jarallax-no wpr-parallax-no wpr-sticky-section-no e-con e-parent\" data-id=\"a3dd48d\" data-element_type=\"container\" data-e-type=\"container\" data-settings=\"{&quot;background_background&quot;:&quot;classic&quot;}\">\n\t\t\t\t<div class=\"elementor-element elementor-element-eedac08 elementor-widget elementor-widget-image\" data-id=\"eedac08\" data-element_type=\"widget\" data-e-type=\"widget\" data-widget_type=\"image.default\">\n\t\t\t\t\t\t\t\t\t\t\t\t\t\t\t<img decoding=\"async\" width=\"1921\" height=\"1081\" src=\"http:\/\/carolinagonzalez.co\/wp-content\/uploads\/2025\/12\/CONSTRUYENDO-A02.jpg\" class=\"attachment-full size-full wp-image-2560\" alt=\"\" srcset=\"http:\/\/carolinagonzalez.co\/wp-content\/uploads\/2025\/12\/CONSTRUYENDO-A02.jpg 1921w, http:\/\/carolinagonzalez.co\/wp-content\/uploads\/2025\/12\/CONSTRUYENDO-A02-300x169.jpg 300w, http:\/\/carolinagonzalez.co\/wp-content\/uploads\/2025\/12\/CONSTRUYENDO-A02-1024x576.jpg 1024w, http:\/\/carolinagonzalez.co\/wp-content\/uploads\/2025\/12\/CONSTRUYENDO-A02-768x432.jpg 768w, http:\/\/carolinagonzalez.co\/wp-content\/uploads\/2025\/12\/CONSTRUYENDO-A02-1536x864.jpg 1536w, http:\/\/carolinagonzalez.co\/wp-content\/uploads\/2025\/12\/CONSTRUYENDO-A02-1000x563.jpg 1000w\" sizes=\"(max-width: 1921px) 100vw, 1921px\" \/>\t\t\t\t\t\t\t\t\t\t\t\t\t\t\t<\/div>\n\t\t<div class=\"elementor-element elementor-element-7d16b86 e-con-full e-flex wpr-particle-no wpr-jarallax-no wpr-parallax-no wpr-sticky-section-no e-con e-child\" data-id=\"7d16b86\" data-element_type=\"container\" data-e-type=\"container\">\n\t\t\t\t<div class=\"elementor-element elementor-element-bb48ce5 elementor-widget elementor-widget-heading\" data-id=\"bb48ce5\" data-element_type=\"widget\" data-e-type=\"widget\" data-widget_type=\"heading.default\">\n\t\t\t\t\t<h2 class=\"elementor-heading-title elementor-size-default\">ABRIMOS NUESTRA<\/h2>\t\t\t\t<\/div>\n\t\t\t\t<div class=\"elementor-element elementor-element-4700a90 elementor-widget elementor-widget-heading\" data-id=\"4700a90\" data-element_type=\"widget\" data-e-type=\"widget\" data-widget_type=\"heading.default\">\n\t\t\t\t\t<h2 class=\"elementor-heading-title elementor-size-default\">TIENDA F\u00cdSICA<\/h2>\t\t\t\t<\/div>\n\t\t\t\t<div class=\"elementor-element elementor-element-af6c56a elementor-widget elementor-widget-heading\" data-id=\"af6c56a\" data-element_type=\"widget\" data-e-type=\"widget\" data-widget_type=\"heading.default\">\n\t\t\t\t\t<h2 class=\"elementor-heading-title elementor-size-default\">CALLE 13 N\u00b0 17-44 <\/h2>\t\t\t\t<\/div>\n\t\t\t\t<div class=\"elementor-element elementor-element-8ae71cc elementor-widget elementor-widget-heading\" data-id=\"8ae71cc\" data-element_type=\"widget\" data-e-type=\"widget\" data-widget_type=\"heading.default\">\n\t\t\t\t\t<h2 class=\"elementor-heading-title elementor-size-default\">LA PRIMERA TIENDA CON<\/h2>\t\t\t\t<\/div>\n\t\t\t\t<div class=\"elementor-element elementor-element-7c9fc2b elementor-widget elementor-widget-heading\" data-id=\"7c9fc2b\" data-element_type=\"widget\" data-e-type=\"widget\" data-widget_type=\"heading.default\">\n\t\t\t\t\t<h2 class=\"elementor-heading-title elementor-size-default\">TALLER DE CONFECCI\u00d3N EN VIVO<\/h2>\t\t\t\t<\/div>\n\t\t\t\t<div class=\"elementor-element elementor-element-5b18055 elementor-widget elementor-widget-heading\" data-id=\"5b18055\" data-element_type=\"widget\" data-e-type=\"widget\" data-widget_type=\"heading.default\">\n\t\t\t\t\t<h2 class=\"elementor-heading-title elementor-size-default\">DE BOYAC\u00c1 PARA EL MUNDO <\/h2>\t\t\t\t<\/div>\n\t\t\t\t<div class=\"elementor-element elementor-element-c83021d elementor-widget elementor-widget-heading\" data-id=\"c83021d\" data-element_type=\"widget\" data-e-type=\"widget\" data-widget_type=\"heading.default\">\n\t\t\t\t\t<h2 class=\"elementor-heading-title elementor-size-default\">Un lugar pensado para mujeres c\u00f3mo t\u00fa<\/h2>\t\t\t\t<\/div>\n\t\t\t\t<\/div>\n\t\t\t\t<\/div>\n\t\t\t\t<\/div>\n\t\t","protected":false},"excerpt":{"rendered":"<p>ABRIMOS NUESTRA TIENDA F\u00cdSICA CALLE 13 N\u00b0 17-44 LA PRIMERA TIENDA CON TALLER DE CONFECCI\u00d3N EN VIVO DE BOYAC\u00c1 PARA EL MUNDO Un lugar pensado para mujeres c\u00f3mo t\u00fa ABRIMOS NUESTRA TIENDA F\u00cdSICA CALLE 13 N\u00b0 17-44 LA PRIMERA TIENDA CON TALLER DE CONFECCI\u00d3N EN VIVO DE BOYAC\u00c1 PARA EL MUNDO Un lugar pensado para mujeres c\u00f3mo t\u00fa<\/p>\n","protected":false},"author":1,"featured_media":0,"parent":0,"menu_order":0,"comment_status":"closed","ping_status":"closed","template":"elementor_header_footer","meta":{"footnotes":""},"class_list":["post-2542","page","type-page","status-publish","hentry"],"blocksy_meta":[],"_links":{"self":[{"href":"http:\/\/carolinagonzalez.co\/index.php?rest_route=\/wp\/v2\/pages\/2542","targetHints":{"allow":["GET"]}}],"collection":[{"href":"http:\/\/carolinagonzalez.co\/index.php?rest_route=\/wp\/v2\/pages"}],"about":[{"href":"http:\/\/carolinagonzalez.co\/index.php?rest_route=\/wp\/v2\/types\/page"}],"author":[{"embeddable":true,"href":"http:\/\/carolinagonzalez.co\/index.php?rest_route=\/wp\/v2\/users\/1"}],"replies":[{"embeddable":true,"href":"http:\/\/carolinagonzalez.co\/index.php?rest_route=%2Fwp%2Fv2%2Fcomments&post=2542"}],"version-history":[{"count":25,"href":"http:\/\/carolinagonzalez.co\/index.php?rest_route=\/wp\/v2\/pages\/2542\/revisions"}],"predecessor-version":[{"id":2577,"href":"http:\/\/carolinagonzalez.co\/index.php?rest_route=\/wp\/v2\/pages\/2542\/revisions\/2577"}],"wp:attachment":[{"href":"http:\/\/carolinagonzalez.co\/index.php?rest_route=%2Fwp%2Fv2%2Fmedia&parent=2542"}],"curies":[{"name":"wp","href":"https:\/\/api.w.org\/{rel}","templated":true}]}}